{"id":2564,"date":"2022-08-21T19:52:53","date_gmt":"2022-08-21T19:52:53","guid":{"rendered":"https:\/\/inspectionfm.com\/?page_id=2564"},"modified":"2022-08-21T19:57:15","modified_gmt":"2022-08-21T19:57:15","slug":"thank-you","status":"publish","type":"page","link":"https:\/\/inspectionfm.com\/en\/thank-you\/","title":{"rendered":"Thank You"},"content":{"rendered":"<div data-elementor-type=\"wp-page\" data-elementor-id=\"2564\" class=\"elementor elementor-2564\" data-elementor-post-type=\"page\">\n\t\t\t\t\t\t<section class=\"elementor-section elementor-top-section elementor-element elementor-element-45930c7 elementor-section-boxed elementor-section-height-default elementor-section-height-default\" data-id=\"45930c7\" data-element_type=\"section\" data-e-type=\"section\">\n\t\t\t\t\t\t<div class=\"elementor-container elementor-column-gap-default\">\n\t\t\t\t\t<div class=\"aux-parallax-section elementor-column elementor-col-100 elementor-top-column elementor-element elementor-element-c6f78ca\" data-id=\"c6f78ca\" data-element_type=\"column\" data-e-type=\"column\" data-settings=\"{&quot;background_background&quot;:&quot;classic&quot;}\">\n\t\t\t<div class=\"elementor-widget-wrap elementor-element-populated\">\n\t\t\t\t\t\t<div class=\"elementor-element elementor-element-977e402 elementor-widget elementor-widget-heading\" data-id=\"977e402\" data-element_type=\"widget\" data-e-type=\"widget\" data-widget_type=\"heading.default\">\n\t\t\t\t<div class=\"elementor-widget-container\">\n\t\t\t\t\t<h1 class=\"elementor-heading-title elementor-size-default\">Merci Pour Votre Demande<\/h1>\t\t\t\t<\/div>\n\t\t\t\t<\/div>\n\t\t\t\t<div class=\"elementor-element elementor-element-41efd68 elementor-widget elementor-widget-text-editor\" data-id=\"41efd68\" data-element_type=\"widget\" data-e-type=\"widget\" data-widget_type=\"text-editor.default\">\n\t\t\t\t<div class=\"elementor-widget-container\">\n\t\t\t\t\t\t\t\t\t<p>Nous avons bien re\u00e7u votre demande d&rsquo;inspection. Un inspecteur de notre \u00e9quipe communiquera avec vous sous peu pour la disponibilit\u00e9 et l\u2019estimation de votre inspection.<br \/>Pour toutes autres questions, veuillez nous \u00e9crire \u00e0 <a href=\"mailto:info@inspectionfm.com\">info@inspectionfm.com<\/a><\/p><p>Merci<\/p>\t\t\t\t\t\t\t\t<\/div>\n\t\t\t\t<\/div>\n\t\t\t\t\t<\/div>\n\t\t<\/div>\n\t\t\t\t\t<\/div>\n\t\t<\/section>\n\t\t\t\t<\/div>","protected":false},"excerpt":{"rendered":"<p>Merci Pour Votre Demande Nous avons bien re\u00e7u votre demande d&rsquo;inspection. Un inspecteur de notre \u00e9quipe communiquera avec vous sous peu pour la disponibilit\u00e9 et l\u2019estimation de votre inspection.Pour toutes autres questions, veuillez nous \u00e9crire \u00e0 info@inspectionfm.com Merci<\/p>","protected":false},"author":7,"featured_media":0,"parent":0,"menu_order":0,"comment_status":"closed","ping_status":"closed","template":"","meta":{"footnotes":""},"class_list":["post-2564","page","type-page","status-publish","hentry"],"_links":{"self":[{"href":"https:\/\/inspectionfm.com\/en\/wp-json\/wp\/v2\/pages\/2564","targetHints":{"allow":["GET"]}}],"collection":[{"href":"https:\/\/inspectionfm.com\/en\/wp-json\/wp\/v2\/pages"}],"about":[{"href":"https:\/\/inspectionfm.com\/en\/wp-json\/wp\/v2\/types\/page"}],"author":[{"embeddable":true,"href":"https:\/\/inspectionfm.com\/en\/wp-json\/wp\/v2\/users\/7"}],"replies":[{"embeddable":true,"href":"https:\/\/inspectionfm.com\/en\/wp-json\/wp\/v2\/comments?post=2564"}],"version-history":[{"count":4,"href":"https:\/\/inspectionfm.com\/en\/wp-json\/wp\/v2\/pages\/2564\/revisions"}],"predecessor-version":[{"id":2568,"href":"https:\/\/inspectionfm.com\/en\/wp-json\/wp\/v2\/pages\/2564\/revisions\/2568"}],"wp:attachment":[{"href":"https:\/\/inspectionfm.com\/en\/wp-json\/wp\/v2\/media?parent=2564"}],"curies":[{"name":"wp","href":"https:\/\/api.w.org\/{rel}","templated":true}]}}