{"id":1932,"date":"2021-11-14T16:46:07","date_gmt":"2021-11-14T16:46:07","guid":{"rendered":"https:\/\/inspectionfm.com\/?page_id=1932"},"modified":"2025-02-11T15:16:54","modified_gmt":"2025-02-11T15:16:54","slug":"faq","status":"publish","type":"page","link":"https:\/\/inspectionfm.com\/en\/faq\/","title":{"rendered":"FAQ"},"content":{"rendered":"<div data-elementor-type=\"wp-page\" data-elementor-id=\"1932\" class=\"elementor elementor-1932\" data-elementor-post-type=\"page\">\n\t\t\t\t\t\t<section class=\"elementor-section elementor-top-section elementor-element elementor-element-c34f2c7 elementor-section-boxed elementor-section-height-default elementor-section-height-default\" data-id=\"c34f2c7\" data-element_type=\"section\" data-e-type=\"section\">\n\t\t\t\t\t\t<div class=\"elementor-container elementor-column-gap-default\">\n\t\t\t\t\t<div class=\"aux-parallax-section elementor-column elementor-col-100 elementor-top-column elementor-element elementor-element-fa2a258\" data-id=\"fa2a258\" data-element_type=\"column\" data-e-type=\"column\">\n\t\t\t<div class=\"elementor-widget-wrap elementor-element-populated\">\n\t\t\t\t\t\t<div class=\"elementor-element elementor-element-312101b aux-appear-watch-animation aux-fade-in-up-1 elementor-widget elementor-widget-aux_modern_heading\" data-id=\"312101b\" data-element_type=\"widget\" data-e-type=\"widget\" data-widget_type=\"aux_modern_heading.default\">\n\t\t\t\t<div class=\"elementor-widget-container\">\n\t\t\t\t\t<section class=\"aux-widget-modern-heading\">\n            <div class=\"aux-widget-inner\"><h5 class=\"aux-modern-heading-primary\">Do you have any questions?<\/h5><h2 class=\"aux-modern-heading-secondary\"><span class=\"aux-head-before\">We have answers<\/span><\/h2><\/div>\n        <\/section>\t\t\t\t<\/div>\n\t\t\t\t<\/div>\n\t\t\t\t<div class=\"elementor-element elementor-element-b94f753 elementor-widget elementor-widget-text-editor\" data-id=\"b94f753\" data-element_type=\"widget\" data-e-type=\"widget\" data-widget_type=\"text-editor.default\">\n\t\t\t\t<div class=\"elementor-widget-container\">\n\t\t\t\t\t\t\t\t\t<p><span style=\"font-weight: 400;\">You will find above answers to the most common questions regarding inspections. If you have not found the answer to your question, simply <a href=\"https:\/\/inspectionfm.com\/en\/contact\/\">contact us<\/a>. <\/span><\/p>\t\t\t\t\t\t\t\t<\/div>\n\t\t\t\t<\/div>\n\t\t\t\t\t<\/div>\n\t\t<\/div>\n\t\t\t\t\t<\/div>\n\t\t<\/section>\n\t\t\t\t<section class=\"elementor-section elementor-top-section elementor-element elementor-element-b8a52b5 elementor-section-boxed elementor-section-height-default elementor-section-height-default\" data-id=\"b8a52b5\" data-element_type=\"section\" data-e-type=\"section\">\n\t\t\t\t\t\t<div class=\"elementor-container elementor-column-gap-default\">\n\t\t\t\t\t<div class=\"aux-parallax-section elementor-column elementor-col-100 elementor-top-column elementor-element elementor-element-581cdc0\" data-id=\"581cdc0\" data-element_type=\"column\" data-e-type=\"column\">\n\t\t\t<div class=\"elementor-widget-wrap elementor-element-populated\">\n\t\t\t\t\t\t<div class=\"elementor-element elementor-element-fdec823 elementor-widget elementor-widget-aux_faq\" data-id=\"fdec823\" data-element_type=\"widget\" data-e-type=\"widget\" data-widget_type=\"aux_faq.default\">\n\t\t\t\t<div class=\"elementor-widget-container\">\n\t\t\t\t\t<section class=\"widget-container aux-widget-faq aux-widget-accordion aux-parent-auca7c8306\" style=\"\" ><div id=\"69d43c8a45c69\" data-element-id=\"auca7c8306\" class=\"aux-isotope-faq aux-isotope-animated widget-toggle aux-accordion-plus-indicator\" data-lazyload=\"true\" data-space=\"0\" data-pagination=\"true\" data-deeplink=\"false\" data-slug=\"\" data-perpage=\"10\" data-reveal-transition-duration=\"600\" data-reveal-between-delay=\"70\" data-hide-transition-duration=\"600\" data-hide-between-delay=\"70\"> <div class=\"aux-items-loading\"><div class=\"aux-loading-loop\"><svg class=\"aux-circle\" width=\"100%\" height=\"100%\" viewbox=\"0 0 42 42\"><circle class=\"aux-stroke-bg\" r=\"20\" cx=\"21\" cy=\"21\" fill=\"none\"><\/circle><circle class=\"aux-progress\" r=\"20\" cx=\"21\" cy=\"21\" fill=\"none\" transform=\"rotate(-90 21 21)\"><\/circle><\/svg><\/div><\/div><div class=\"aux-faq-item aux-iso-item aux-loading\"><h4 class=\"aux-faq-item-header toggle-header\">Who is Inspection FM ?<span class=\"aux-accordion-indicator\"><\/span><\/h4><div class=\"aux-faq-item-content toggle-content\"><p><span style=\"font-weight: 400;\">Inspection FM is a company specialized in building inspections in Quebec and was founded in 2011. Our team consists of five qualified building inspectors.<\/span><\/p>\n<\/div><div class=\"clear\"><\/div><\/div><div class=\"aux-faq-item aux-iso-item aux-loading\"><h4 class=\"aux-faq-item-header toggle-header\">What is the cost of an inspection?<span class=\"aux-accordion-indicator\"><\/span><\/h4><div class=\"aux-faq-item-content toggle-content\"><p><span style=\"font-weight: 400;\">The cost of an inspection depends on several factors such as the type of building, its age, its location and its size. To get the exact price of the inspection of your property, <\/span><a href=\"https:\/\/inspectionfm.com\/en\/tarification-et-contact.html\/\"><span style=\"font-weight: 400;\">contact us<\/span><\/a><span style=\"font-weight: 400;\"> by phone or by e-mail at <\/span><a href=\"mailto:info@inspectionfm.com\"><span style=\"font-weight: 400;\">info@inspectionfm.com<\/span><\/a><span style=\"font-weight: 400;\"> and we will be happy to give you a price. <\/span><\/p>\n<\/div><div class=\"clear\"><\/div><\/div><div class=\"aux-faq-item aux-iso-item aux-loading\"><h4 class=\"aux-faq-item-header toggle-header\">What is the duration of an inspection ?<span class=\"aux-accordion-indicator\"><\/span><\/h4><div class=\"aux-faq-item-content toggle-content\"><p><span style=\"font-weight: 400;\">An inspection usually takes between 2 to 3 hours. The duration varies depending on the type of building being inspected.<\/span><\/p>\n<\/div><div class=\"clear\"><\/div><\/div><div class=\"aux-faq-item aux-iso-item aux-loading\"><h4 class=\"aux-faq-item-header toggle-header\">When is the inspection report handed in?<span class=\"aux-accordion-indicator\"><\/span><\/h4><div class=\"aux-faq-item-content toggle-content\"><p><span style=\"font-weight: 400;\">The inspection report will be emailed to you within a maximum of 48 hours after the inspection. <\/span><\/p>\n<\/div><div class=\"clear\"><\/div><\/div><div class=\"aux-faq-item aux-iso-item aux-loading\"><h4 class=\"aux-faq-item-header toggle-header\">Is my presence required during the inspection?<span class=\"aux-accordion-indicator\"><\/span><\/h4><div class=\"aux-faq-item-content toggle-content\"><p><span style=\"font-weight: 400;\">It is not mandatory to be present during the inspection, but <\/span><span style=\"font-weight: 400;\">it is strongly recommended<\/span><span style=\"font-weight: 400;\">. In fact, the inspector now be able to answer all of your questions and show you, on the spot, the problems or the deficiencies identified in the building.\u00a0<\/span><\/p>\n<\/div><div class=\"clear\"><\/div><\/div><div class=\"aux-faq-item aux-iso-item aux-loading\"><h4 class=\"aux-faq-item-header toggle-header\">What types of properties does Inspection FM inspect?<span class=\"aux-accordion-indicator\"><\/span><\/h4><div class=\"aux-faq-item-content toggle-content\"><p><span style=\"font-weight: 400;\">Inspection FM specializes in inspecting a wide range of commercial and residential buildings such as condominiums, single-family homes, duplexes, triplexes, multi-unit buildings, and cottages.<\/span><\/p>\n<\/div><div class=\"clear\"><\/div><\/div><div class=\"aux-faq-item aux-iso-item aux-loading\"><h4 class=\"aux-faq-item-header toggle-header\">Is it mandatory to inspect my future property ?<span class=\"aux-accordion-indicator\"><\/span><\/h4><div class=\"aux-faq-item-content toggle-content\"><p><span style=\"font-weight: 400;\">In Quebec, this is not mandatory, but <\/span><span style=\"font-weight: 400;\">highly recommended<\/span><span style=\"font-weight: 400;\"> to inspect a property. Actually, <\/span><span style=\"font-weight: 400;\">a building is a complex structure that is composed of several systems. Few people have the skills and knowledge appropriate to conduct a complete inspection of all these systems and their components. For these reasons, it is important that you hire a qualified professional who has received all of the training, the experience and the tools required to identify all the problems or the deficiencies in a building.<\/span><\/p>\n<\/div><div class=\"clear\"><\/div><\/div><div class=\"aux-faq-item aux-iso-item aux-loading\"><h4 class=\"aux-faq-item-header toggle-header\">What are Inspection FM's operating hours?<span class=\"aux-accordion-indicator\"><\/span><\/h4><div class=\"aux-faq-item-content toggle-content\"><p><span style=\"font-weight: 400;\">To carry out an inspection, daylight is essential. Therefore, the schedule during the summer season is 8am to 6pm and during the winter season is 8am to 4pm.<\/span><\/p>\n<\/div><div class=\"clear\"><\/div><\/div><\/div><\/section><!-- widget-container -->\t\t\t\t<\/div>\n\t\t\t\t<\/div>\n\t\t\t\t\t<\/div>\n\t\t<\/div>\n\t\t\t\t\t<\/div>\n\t\t<\/section>\n\t\t\t\t<\/div>","protected":false},"excerpt":{"rendered":"<p>vous avez des question? On a des reponses Vous trouvez si dessus des reponses au questions les plus courantes concernant les inspections. Si vouz avez pas trouvez la reponse a votre question, simplement nous contacter. Qui est Inspection FM ? Inspection FM est une entreprise sp\u00e9cialis\u00e9e dans l\u2019inspection en b\u00e2timent au Qu\u00e9bec et a \u00e9t\u00e9 [&hellip;]<\/p>\n","protected":false},"author":7,"featured_media":0,"parent":0,"menu_order":0,"comment_status":"closed","ping_status":"closed","template":"","meta":{"footnotes":""},"class_list":["post-1932","page","type-page","status-publish","hentry"],"_links":{"self":[{"href":"https:\/\/inspectionfm.com\/en\/wp-json\/wp\/v2\/pages\/1932","targetHints":{"allow":["GET"]}}],"collection":[{"href":"https:\/\/inspectionfm.com\/en\/wp-json\/wp\/v2\/pages"}],"about":[{"href":"https:\/\/inspectionfm.com\/en\/wp-json\/wp\/v2\/types\/page"}],"author":[{"embeddable":true,"href":"https:\/\/inspectionfm.com\/en\/wp-json\/wp\/v2\/users\/7"}],"replies":[{"embeddable":true,"href":"https:\/\/inspectionfm.com\/en\/wp-json\/wp\/v2\/comments?post=1932"}],"version-history":[{"count":18,"href":"https:\/\/inspectionfm.com\/en\/wp-json\/wp\/v2\/pages\/1932\/revisions"}],"predecessor-version":[{"id":2718,"href":"https:\/\/inspectionfm.com\/en\/wp-json\/wp\/v2\/pages\/1932\/revisions\/2718"}],"wp:attachment":[{"href":"https:\/\/inspectionfm.com\/en\/wp-json\/wp\/v2\/media?parent=1932"}],"curies":[{"name":"wp","href":"https:\/\/api.w.org\/{rel}","templated":true}]}}