{"id":144,"date":"2020-10-14T09:29:05","date_gmt":"2020-10-14T09:29:05","guid":{"rendered":"https:\/\/inspectionfm.com\/blog\/"},"modified":"2026-04-01T13:29:39","modified_gmt":"2026-04-01T13:29:39","slug":"blog","status":"publish","type":"page","link":"https:\/\/inspectionfm.com\/en\/blog\/","title":{"rendered":"Blog"},"content":{"rendered":"<div data-elementor-type=\"wp-page\" data-elementor-id=\"144\" class=\"elementor elementor-144\" data-elementor-post-type=\"page\">\n\t\t\t\t\t\t<section class=\"elementor-section elementor-top-section elementor-element elementor-element-44648c5 elementor-section-boxed elementor-section-height-default elementor-section-height-default\" data-id=\"44648c5\" data-element_type=\"section\" data-e-type=\"section\">\n\t\t\t\t\t\t<div class=\"elementor-container elementor-column-gap-default\">\n\t\t\t\t\t<div class=\"aux-parallax-section elementor-column elementor-col-100 elementor-top-column elementor-element elementor-element-9b9b138\" data-id=\"9b9b138\" data-element_type=\"column\" data-e-type=\"column\">\n\t\t\t<div class=\"elementor-widget-wrap elementor-element-populated\">\n\t\t\t\t\t\t<div class=\"elementor-element elementor-element-8a17390 elementor-widget elementor-widget-aux_modern_heading\" data-id=\"8a17390\" data-element_type=\"widget\" data-e-type=\"widget\" data-widget_type=\"aux_modern_heading.default\">\n\t\t\t\t<div class=\"elementor-widget-container\">\n\t\t\t\t\t<section class=\"aux-widget-modern-heading\">\n            <div class=\"aux-widget-inner\"><h5 class=\"aux-modern-heading-primary\">Blog<\/h5><h2 class=\"aux-modern-heading-secondary\"><span class=\"aux-head-before\">Recent Articles<\/span><\/h2><\/div>\n        <\/section>\t\t\t\t<\/div>\n\t\t\t\t<\/div>\n\t\t\t\t<div class=\"elementor-element elementor-element-466e2e1 elementor-widget elementor-widget-aux_recent_posts\" data-id=\"466e2e1\" data-element_type=\"widget\" data-e-type=\"widget\" data-settings=\"{&quot;columns&quot;:&quot;3&quot;,&quot;columns_tablet&quot;:&quot;inherit&quot;,&quot;columns_mobile&quot;:&quot;1&quot;}\" data-widget_type=\"aux_recent_posts.default\">\n\t\t\t\t<div class=\"elementor-widget-container\">\n\t\t\t\t\t<script>auxinNS(\"auxin.content.loadmore.auc6891384\"); auxin.content.loadmore.auc6891384={\"nonce\":\"9fc2ccf1b1\",\"args\":{\"title\":\"\",\"subtitle\":\"\",\"cat\":[],\"num\":\"9\",\"only_posts__in\":\"\",\"include\":\"\",\"exclude\":\"\",\"offset\":\"\",\"paged\":\"\",\"post_type\":\"post\",\"taxonomy_name\":\"category\",\"order_by\":\"date\",\"order\":\"DESC\",\"exclude_without_media\":\"no\",\"exclude_custom_post_formats\":\"no\",\"exclude_quote_link\":null,\"include_post_formats_in\":\"\",\"exclude_post_formats_in\":[],\"size\":\"\",\"display_title\":\"yes\",\"words_num\":\"\",\"show_media\":\"yes\",\"display_like\":\"\",\"display_comments\":\"\",\"display_categories\":\"\",\"max_taxonomy_num\":null,\"show_badge\":\"no\",\"content_layout\":\"default\",\"excerpt_len\":null,\"excerpt_length\":null,\"show_excerpt\":\"\",\"show_content\":\"\",\"show_info\":\"yes\",\"show_format_icon\":\"no\",\"show_date\":\"\",\"ignore_formats\":\"no\",\"post_info_position\":\"after-title\",\"author_or_readmore\":\"none\",\"image_aspect_ratio\":\"0.69\",\"meta_info_position\":\"before-content\",\"desktop_cnum\":\"3\",\"tablet_cnum\":\"inherit\",\"phone_cnum\":\"1\",\"preview_mode\":\"grid\",\"grid_table_hover\":\"bgimage-bgcolor\",\"tag\":\"\",\"display_author_footer\":null,\"display_author_header\":\"\",\"preloadable\":\"no\",\"preload_preview\":null,\"preload_bgcolor\":null,\"extra_classes\":\"\",\"extra_column_classes\":\"\",\"custom_el_id\":\"\",\"carousel_space\":null,\"carousel_autoplay\":null,\"carousel_autoplay_delay\":null,\"carousel_navigation\":null,\"carousel_navigation_control\":null,\"carousel_nav_control_pos\":null,\"carousel_nav_control_skin\":null,\"carousel_loop\":null,\"request_from\":\"\",\"template_part_file\":\"theme-parts\\\/entry\\\/post-column\",\"extra_template_path\":\"\",\"universal_id\":\"auc6891384\",\"reset_query\":true,\"wp_query_args\":[],\"custom_wp_query\":\"\",\"loadmore_type\":\"next\",\"loadmore_per_page\":\"9\",\"content\":null,\"skip_wrappers\":true,\"content_width\":2000,\"inview_transition\":\"none\",\"inview_duration\":\"\",\"inview_delay\":\"\",\"inview_repeat\":\"no\",\"inview_offset\":\"\",\"called_from\":\"\"},\"handler\":\"aux_recent_posts\",\"per_page\":\"9\"};<\/script><section class=\"widget-container aux-ajax-type-next aux-widget-recent-posts aux-parent-auc6891384\"><div data-element-id=\"auc6891384\" class=\"aux-match-height aux-row aux-de-col3 aux-tb-col3 aux-mb-col1 aux-total-3 aux-no-meta aux-ajax-view\"><div class=\"aux-col aux-ajax-item post-2592\">\n                        <article class=\"post column-entry post-2592 type-post status-publish format-standard has-post-thumbnail hentry category-uncategorized\">\n                                                        <div class=\"entry-media\"><div class=\"aux-media-frame aux-media-image aux-image-mask\"><a href=\"https:\/\/inspectionfm.com\/en\/entretien-general-de-la-maison\/\"><img decoding=\"async\" src=\"https:\/\/inspectionfm.com\/wp-content\/uploads\/2023\/01\/shutterstock_276643991-scaled-637x439.jpg\" class=\"aux-attachment aux-featured-image attachment-636.66666666667x439.3 aux-attachment-id-2624\" alt=\"Person,Hand,With,Magnifying,Glass,Over,Luxury,House\" srcset=\"https:\/\/inspectionfm.com\/wp-content\/uploads\/2023\/01\/shutterstock_276643991-scaled-150x104.jpg 150w,https:\/\/inspectionfm.com\/wp-content\/uploads\/2023\/01\/shutterstock_276643991-scaled-300x207.jpg 300w,https:\/\/inspectionfm.com\/wp-content\/uploads\/2023\/01\/shutterstock_276643991-scaled-768x530.jpg 768w,https:\/\/inspectionfm.com\/wp-content\/uploads\/2023\/01\/shutterstock_276643991-scaled-1024x707.jpg 1024w,https:\/\/inspectionfm.com\/wp-content\/uploads\/2023\/01\/shutterstock_276643991-scaled-637x439.jpg 637w,https:\/\/inspectionfm.com\/wp-content\/uploads\/2023\/01\/shutterstock_276643991-scaled-2550x1759.jpg 2550w\" data-ratio=\"1.45\" data-original-w=\"2560\" sizes=\"(max-width:479px) 480px,(max-width:767px) 768px,(max-width:1023px) 1024px,637px\" \/><\/a><\/div><\/div>\n                            \n                            <div class=\"entry-main\">\n                                                        \n                                <header class=\"entry-header\">\n                                \n                                    <h4 class=\"entry-title\">\n                                        <a href=\"https:\/\/inspectionfm.com\/en\/entretien-general-de-la-maison\/\">\n                                            General home maintenance                                        <\/a>\n                                    <\/h4>\n                                                                    <div class=\"entry-format\">\n                                        <a href=\"https:\/\/inspectionfm.com\/en\/entretien-general-de-la-maison\/\">\n                                            <div class=\"post-format format-\"> <\/div>\n                                        <\/a>\n                                    <\/div>\n                                <\/header>\n                                                            \n                                <div class=\"entry-info\">\n                                                                                                                                                                                                        <\/div>\n                                                        \n                            \n                            <\/div>\n\n                        <\/article>\n<\/div><div class=\"aux-col aux-ajax-item post-118\">\n                        <article class=\"post column-entry post-118 type-post status-publish format-standard has-post-thumbnail hentry category-uncategorized\">\n                                                        <div class=\"entry-media\"><div class=\"aux-media-frame aux-media-image aux-image-mask\"><a href=\"https:\/\/inspectionfm.com\/en\/tout-ce-que-vous-devez-savoir-sur-linspection-preachat\/\"><img decoding=\"async\" src=\"https:\/\/inspectionfm.com\/wp-content\/uploads\/2021\/11\/040-Inspection_FM2016-637x439.jpg\" class=\"aux-attachment aux-featured-image attachment-636.66666666667x439.3 aux-attachment-id-1179\" alt=\"040-Inspection_FM2016\" srcset=\"https:\/\/inspectionfm.com\/wp-content\/uploads\/2021\/11\/040-Inspection_FM2016-150x104.jpg 150w,https:\/\/inspectionfm.com\/wp-content\/uploads\/2021\/11\/040-Inspection_FM2016-300x207.jpg 300w,https:\/\/inspectionfm.com\/wp-content\/uploads\/2021\/11\/040-Inspection_FM2016-768x530.jpg 768w,https:\/\/inspectionfm.com\/wp-content\/uploads\/2021\/11\/040-Inspection_FM2016-1024x707.jpg 1024w,https:\/\/inspectionfm.com\/wp-content\/uploads\/2021\/11\/040-Inspection_FM2016-637x439.jpg 637w,https:\/\/inspectionfm.com\/wp-content\/uploads\/2021\/11\/040-Inspection_FM2016-2038x1406.jpg 2038w\" data-ratio=\"1.45\" data-original-w=\"2048\" sizes=\"(max-width:479px) 480px,(max-width:767px) 768px,(max-width:1023px) 1024px,637px\" \/><\/a><\/div><\/div>\n                            \n                            <div class=\"entry-main\">\n                                                        \n                                <header class=\"entry-header\">\n                                \n                                    <h4 class=\"entry-title\">\n                                        <a href=\"https:\/\/inspectionfm.com\/en\/tout-ce-que-vous-devez-savoir-sur-linspection-preachat\/\">\n                                            Everything you need to know about the pre-purchase inspection                                        <\/a>\n                                    <\/h4>\n                                                                    <div class=\"entry-format\">\n                                        <a href=\"https:\/\/inspectionfm.com\/en\/tout-ce-que-vous-devez-savoir-sur-linspection-preachat\/\">\n                                            <div class=\"post-format format-\"> <\/div>\n                                        <\/a>\n                                    <\/div>\n                                <\/header>\n                                                            \n                                <div class=\"entry-info\">\n                                                                                                                                                                                                        <\/div>\n                                                        \n                            \n                            <\/div>\n\n                        <\/article>\n<\/div><div class=\"aux-col aux-ajax-item post-130\">\n                        <article class=\"post column-entry post-130 type-post status-publish format-standard has-post-thumbnail hentry category-uncategorized\">\n                                                        <div class=\"entry-media\"><div class=\"aux-media-frame aux-media-image aux-image-mask\"><a href=\"https:\/\/inspectionfm.com\/en\/votre-guide-pour-linspection-prevente\/\"><img decoding=\"async\" src=\"https:\/\/inspectionfm.com\/wp-content\/uploads\/2021\/10\/IMG_6608-scaled-637x439.jpg\" class=\"aux-attachment aux-featured-image attachment-636.66666666667x439.3 aux-attachment-id-409\" alt=\"IMG_6608\" srcset=\"https:\/\/inspectionfm.com\/wp-content\/uploads\/2021\/10\/IMG_6608-scaled-150x104.jpg 150w,https:\/\/inspectionfm.com\/wp-content\/uploads\/2021\/10\/IMG_6608-scaled-300x207.jpg 300w,https:\/\/inspectionfm.com\/wp-content\/uploads\/2021\/10\/IMG_6608-scaled-768x530.jpg 768w,https:\/\/inspectionfm.com\/wp-content\/uploads\/2021\/10\/IMG_6608-scaled-1024x707.jpg 1024w,https:\/\/inspectionfm.com\/wp-content\/uploads\/2021\/10\/IMG_6608-scaled-637x439.jpg 637w,https:\/\/inspectionfm.com\/wp-content\/uploads\/2021\/10\/IMG_6608-scaled-1977x1364.jpg 1977w\" data-ratio=\"1.45\" data-original-w=\"1987\" sizes=\"(max-width:479px) 480px,(max-width:767px) 768px,(max-width:1023px) 1024px,637px\" \/><\/a><\/div><\/div>\n                            \n                            <div class=\"entry-main\">\n                                                        \n                                <header class=\"entry-header\">\n                                \n                                    <h4 class=\"entry-title\">\n                                        <a href=\"https:\/\/inspectionfm.com\/en\/votre-guide-pour-linspection-prevente\/\">\n                                            Your guide to the inspection pre-sale                                        <\/a>\n                                    <\/h4>\n                                                                    <div class=\"entry-format\">\n                                        <a href=\"https:\/\/inspectionfm.com\/en\/votre-guide-pour-linspection-prevente\/\">\n                                            <div class=\"post-format format-\"> <\/div>\n                                        <\/a>\n                                    <\/div>\n                                <\/header>\n                                                            \n                                <div class=\"entry-info\">\n                                                                                                                                                                                                        <\/div>\n                                                        \n                            \n                            <\/div>\n\n                        <\/article>\n<\/div><\/div><\/section><!-- widget-container -->\t\t\t\t<\/div>\n\t\t\t\t<\/div>\n\t\t\t\t\t<\/div>\n\t\t<\/div>\n\t\t\t\t\t<\/div>\n\t\t<\/section>\n\t\t\t\t<\/div>","protected":false},"excerpt":{"rendered":"<p>Blog Articles r\u00e9cents Entretien g\u00e9n\u00e9ral de la maison | Edit Tout ce que vous devez savoir sur l&rsquo;inspection pr\u00e9achat | Edit Votre guide pour l\u2019inspection pr\u00e9vente | Edit<\/p>","protected":false},"author":7,"featured_media":0,"parent":0,"menu_order":0,"comment_status":"closed","ping_status":"closed","template":"templates\/page-builder-content.php","meta":{"footnotes":""},"class_list":["post-144","page","type-page","status-publish","hentry"],"_links":{"self":[{"href":"https:\/\/inspectionfm.com\/en\/wp-json\/wp\/v2\/pages\/144","targetHints":{"allow":["GET"]}}],"collection":[{"href":"https:\/\/inspectionfm.com\/en\/wp-json\/wp\/v2\/pages"}],"about":[{"href":"https:\/\/inspectionfm.com\/en\/wp-json\/wp\/v2\/types\/page"}],"author":[{"embeddable":true,"href":"https:\/\/inspectionfm.com\/en\/wp-json\/wp\/v2\/users\/7"}],"replies":[{"embeddable":true,"href":"https:\/\/inspectionfm.com\/en\/wp-json\/wp\/v2\/comments?post=144"}],"version-history":[{"count":18,"href":"https:\/\/inspectionfm.com\/en\/wp-json\/wp\/v2\/pages\/144\/revisions"}],"predecessor-version":[{"id":2866,"href":"https:\/\/inspectionfm.com\/en\/wp-json\/wp\/v2\/pages\/144\/revisions\/2866"}],"wp:attachment":[{"href":"https:\/\/inspectionfm.com\/en\/wp-json\/wp\/v2\/media?parent=144"}],"curies":[{"name":"wp","href":"https:\/\/api.w.org\/{rel}","templated":true}]}}